{"id":719,"date":"2019-11-25T16:11:41","date_gmt":"2019-11-25T15:11:41","guid":{"rendered":"https:\/\/www.safetybook.cz\/?page_id=719"},"modified":"2019-11-25T16:11:42","modified_gmt":"2019-11-25T15:11:42","slug":"odber-novinek","status":"publish","type":"page","link":"https:\/\/www.safetybook.cz\/index.php\/odber-novinek\/","title":{"rendered":"Odb\u011br novinek"},"content":{"rendered":"\n<p>Jsme r\u00e1di, \u017ee jste se rozhodli odeb\u00edrat novinky z na\u0161eho lexikonu. N\u00ed\u017ee vypl\u0148te mailovou adresu a my s V\u00e1mi budeme v kontaktu.<\/p>\n\n\n\n<script>(function() {\n\twindow.mc4wp = window.mc4wp || {\n\t\tlisteners: [],\n\t\tforms: {\n\t\t\ton: function(evt, cb) {\n\t\t\t\twindow.mc4wp.listeners.push(\n\t\t\t\t\t{\n\t\t\t\t\t\tevent   : evt,\n\t\t\t\t\t\tcallback: cb\n\t\t\t\t\t}\n\t\t\t\t);\n\t\t\t}\n\t\t}\n\t}\n})();\n<\/script><!-- Mailchimp for WordPress v4.9.3 - https:\/\/wordpress.org\/plugins\/mailchimp-for-wp\/ --><form id=\"mc4wp-form-1\" class=\"mc4wp-form mc4wp-form-717 mc4wp-form-theme mc4wp-form-theme-dark\" method=\"post\" data-id=\"717\" data-name=\"P\u0159ihla\u0161te se k odb\u011bru novinek\" ><div class=\"mc4wp-form-fields\"><p>\r\n\t<label>Va\u0161e adresa: \r\n\t\t<input type=\"email\" name=\"EMAIL\" placeholder=\"Zde vypl\u0148te V\u00e1\u0161 email\" required \/>\r\n<\/label>\r\n<\/p>\r\n<p>\r\n\t<input type=\"submit\" value=\"P\u0159ihl\u00e1sit k odb\u011bru\" \/>\r\n<\/p><\/div><label style=\"display: none !important;\">Leave this field empty if you're human: <input type=\"text\" name=\"_mc4wp_honeypot\" value=\"\" tabindex=\"-1\" autocomplete=\"off\" \/><\/label><input type=\"hidden\" name=\"_mc4wp_timestamp\" value=\"1778671086\" \/><input type=\"hidden\" name=\"_mc4wp_form_id\" value=\"717\" \/><input type=\"hidden\" name=\"_mc4wp_form_element_id\" value=\"mc4wp-form-1\" \/><div class=\"mc4wp-response\"><\/div><\/form><!-- \/ Mailchimp for WordPress Plugin -->\n","protected":false},"excerpt":{"rendered":"<p>Jsme r\u00e1di, \u017ee jste se rozhodli odeb\u00edrat novinky z na\u0161eho lexikonu. N\u00ed\u017ee vypl\u0148te mailovou adresu a my s V\u00e1mi budeme v kontaktu.<\/p>\n","protected":false},"author":1,"featured_media":0,"parent":0,"menu_order":0,"comment_status":"closed","ping_status":"closed","template":"","meta":[],"_links":{"self":[{"href":"https:\/\/www.safetybook.cz\/index.php\/wp-json\/wp\/v2\/pages\/719"}],"collection":[{"href":"https:\/\/www.safetybook.cz\/index.php\/wp-json\/wp\/v2\/pages"}],"about":[{"href":"https:\/\/www.safetybook.cz\/index.php\/wp-json\/wp\/v2\/types\/page"}],"author":[{"embeddable":true,"href":"https:\/\/www.safetybook.cz\/index.php\/wp-json\/wp\/v2\/users\/1"}],"replies":[{"embeddable":true,"href":"https:\/\/www.safetybook.cz\/index.php\/wp-json\/wp\/v2\/comments?post=719"}],"version-history":[{"count":2,"href":"https:\/\/www.safetybook.cz\/index.php\/wp-json\/wp\/v2\/pages\/719\/revisions"}],"predecessor-version":[{"id":721,"href":"https:\/\/www.safetybook.cz\/index.php\/wp-json\/wp\/v2\/pages\/719\/revisions\/721"}],"wp:attachment":[{"href":"https:\/\/www.safetybook.cz\/index.php\/wp-json\/wp\/v2\/media?parent=719"}],"curies":[{"name":"wp","href":"https:\/\/api.w.org\/{rel}","templated":true}]}}