{"id":682,"date":"2019-11-16T17:16:48","date_gmt":"2019-11-16T16:16:48","guid":{"rendered":"https:\/\/www.safetybook.cz\/?page_id=682"},"modified":"2019-11-16T17:16:49","modified_gmt":"2019-11-16T16:16:49","slug":"formulare","status":"publish","type":"page","link":"https:\/\/www.safetybook.cz\/index.php\/formulare\/","title":{"rendered":"FORMUL\u00c1\u0158E"},"content":{"rendered":"\n<p>B\u011b\u017en\u00e9 i m\u00e9n\u011b b\u011b\u017en\u00e9 formul\u00e1\u0159e a tiskopisy pro va\u0161\u00ed pot\u0159ebu!<\/p>\n","protected":false},"excerpt":{"rendered":"<p>B\u011b\u017en\u00e9 i m\u00e9n\u011b b\u011b\u017en\u00e9 formul\u00e1\u0159e a tiskopisy pro va\u0161\u00ed pot\u0159ebu!<\/p>\n","protected":false},"author":1,"featured_media":0,"parent":0,"menu_order":0,"comment_status":"closed","ping_status":"closed","template":"","meta":[],"_links":{"self":[{"href":"https:\/\/www.safetybook.cz\/index.php\/wp-json\/wp\/v2\/pages\/682"}],"collection":[{"href":"https:\/\/www.safetybook.cz\/index.php\/wp-json\/wp\/v2\/pages"}],"about":[{"href":"https:\/\/www.safetybook.cz\/index.php\/wp-json\/wp\/v2\/types\/page"}],"author":[{"embeddable":true,"href":"https:\/\/www.safetybook.cz\/index.php\/wp-json\/wp\/v2\/users\/1"}],"replies":[{"embeddable":true,"href":"https:\/\/www.safetybook.cz\/index.php\/wp-json\/wp\/v2\/comments?post=682"}],"version-history":[{"count":1,"href":"https:\/\/www.safetybook.cz\/index.php\/wp-json\/wp\/v2\/pages\/682\/revisions"}],"predecessor-version":[{"id":683,"href":"https:\/\/www.safetybook.cz\/index.php\/wp-json\/wp\/v2\/pages\/682\/revisions\/683"}],"wp:attachment":[{"href":"https:\/\/www.safetybook.cz\/index.php\/wp-json\/wp\/v2\/media?parent=682"}],"curies":[{"name":"wp","href":"https:\/\/api.w.org\/{rel}","templated":true}]}}