{"id":182,"date":"2015-09-23T14:44:50","date_gmt":"2015-09-23T14:44:50","guid":{"rendered":"http:\/\/wp.magnium-themes.com\/himmelen\/himmelen-1\/?page_id=182"},"modified":"2019-11-12T12:33:03","modified_gmt":"2019-11-12T11:33:03","slug":"about-himmelen","status":"publish","type":"page","link":"https:\/\/www.safetybook.cz\/index.php\/about-himmelen\/","title":{"rendered":"O SafetyBooku"},"content":{"rendered":"<p>\u00a0<\/p>\n<h2 style=\"text-align: left;\">Informace z bezpe\u010dnosti pr\u00e1ce a po\u017e\u00e1rn\u00ed ochrany<\/h2>\n<div class=\"row\">\n<div class=\"col-md-6\">\n<h5><strong>G U A R D 7, v.o.s.<br \/><\/strong><\/h5>\n<p>\u00a0<\/p>\n<p>\u00a0<\/p>\n<\/div>\n<\/div>\n\n\n<p><\/p>\n","protected":false},"excerpt":{"rendered":"<p>\u00a0 Informace z bezpe\u010dnosti pr\u00e1ce a po\u017e\u00e1rn\u00ed ochrany G U A R D 7, v.o.s. \u00a0 \u00a0<\/p>\n","protected":false},"author":1,"featured_media":0,"parent":0,"menu_order":0,"comment_status":"closed","ping_status":"closed","template":"","meta":[],"_links":{"self":[{"href":"https:\/\/www.safetybook.cz\/index.php\/wp-json\/wp\/v2\/pages\/182"}],"collection":[{"href":"https:\/\/www.safetybook.cz\/index.php\/wp-json\/wp\/v2\/pages"}],"about":[{"href":"https:\/\/www.safetybook.cz\/index.php\/wp-json\/wp\/v2\/types\/page"}],"author":[{"embeddable":true,"href":"https:\/\/www.safetybook.cz\/index.php\/wp-json\/wp\/v2\/users\/1"}],"replies":[{"embeddable":true,"href":"https:\/\/www.safetybook.cz\/index.php\/wp-json\/wp\/v2\/comments?post=182"}],"version-history":[{"count":5,"href":"https:\/\/www.safetybook.cz\/index.php\/wp-json\/wp\/v2\/pages\/182\/revisions"}],"predecessor-version":[{"id":580,"href":"https:\/\/www.safetybook.cz\/index.php\/wp-json\/wp\/v2\/pages\/182\/revisions\/580"}],"wp:attachment":[{"href":"https:\/\/www.safetybook.cz\/index.php\/wp-json\/wp\/v2\/media?parent=182"}],"curies":[{"name":"wp","href":"https:\/\/api.w.org\/{rel}","templated":true}]}}